{"id":168,"date":"2024-03-03T12:33:37","date_gmt":"2024-03-03T12:33:37","guid":{"rendered":"https:\/\/robertcomploj.com\/?page_id=168"},"modified":"2025-10-17T08:08:23","modified_gmt":"2025-10-17T08:08:23","slug":"impressum","status":"publish","type":"page","link":"https:\/\/robertcomploj.com\/en\/impressum\/","title":{"rendered":"Imprint"},"content":{"rendered":"<div class=\"wp-block-columns is-layout-flex wp-container-core-columns-is-layout-28f84493 wp-block-columns-is-layout-flex\">\n<div class=\"wp-block-column is-layout-flow wp-block-column-is-layout-flow\" style=\"flex-basis:33.33%\">\n<p style=\"font-style: normal; font-weight: 600;\"><strong>Studio Comploj&nbsp;<\/strong><\/p>\n\n\n\n<p>Martinstra\u00dfe 28<br>1180 Wien<br>\u00d6sterreich<\/p>\n\n\n\n<p>Managing Director:<br>Robert Comploj<\/p>\n\n\n\n<p>Tel.: +436705061258<br>E-Mail: robert@studiocomploj.com<\/p>\n\n\n\n<p>UID Nr.: ATU 67713655<\/p>\n<\/div>\n\n\n\n<div class=\"wp-block-column is-layout-flow wp-block-column-is-layout-flow\" style=\"flex-basis:66.66%\">\n<p style=\"font-style:normal;font-weight:600\"><strong>Disclaimer:<\/strong><\/p>\n\n\n\n<p><\/p>\n\n\n\n<p>This website has been compiled with the greatest possible care. Nevertheless, no guarantee can be given for the correctness and accuracy of the information it contains. Any liability for damages arising directly or indirectly from the use of this website is excluded, unless they are based on intent or gross negligence. If this website refers to websites operated by third parties, Robert Comploj accepts no responsibility for their content.<\/p>\n\n\n\n<p style=\"font-style:normal;font-weight:600\"><strong>Copyright:<\/strong><\/p>\n\n\n\n<p>Texts, images and graphics as well as their arrangement are subject to copyright protection and other protective laws. The content of this website may not be copied, distributed, modified or made accessible to third parties for commercial purposes. Any reproduction or distribution in any medium requires the written consent of the publisher.<\/p>\n<\/div>\n<\/div>\n\n\n\n<div style=\"height:30px\" aria-hidden=\"true\" class=\"wp-block-spacer\"><\/div>\n\n\n\n<iframe width=\"100%\" height=\"500\" frameborder=\"0\" scrolling=\"no\" marginheight=\"0\" marginwidth=\"0\" src=\"https:\/\/www.openstreetmap.org\/export\/embed.html?bbox=16.33704006671906%2C48.218250062638354%2C16.344121098518375%2C48.22148111415869&amp;layer=mapnik&amp;marker=48.21986561388975%2C16.340580582618713\" style=\"border: 1px solid black\"><\/iframe><br\/><small><a href=\"https:\/\/www.openstreetmap.org\/?mlat=48.21987&amp;mlon=16.34058#map=18\/48.21987\/16.34058\">View Larger Map<\/a><\/small>","protected":false},"excerpt":{"rendered":"<p>Studio Comploj Martinstra\u00dfe 281180 Wien\u00d6sterreich Gesch\u00e4ftsf\u00fchrer:Robert Comploj Tel.: +436705061258E-Mail: robert@studiocomploj.com UID Nr.: ATU 67713655 Haftungsausschlu\u00df: Diese Website wurde mit gr\u00f6\u00dftm\u00f6glicher Sorgfalt zusammengestellt. Trotzdem kann keine Gew\u00e4hr f\u00fcr die Fehlerfreiheit und Genauigkeit der enthaltenen Informationen \u00fcbernommen werden. Jegliche Haftung f\u00fcr Sch\u00e4den, die direkt oder indirekt aus der Benutzung dieser Website entstehen, wird ausgeschlossen, soweit diese nicht [&hellip;]<\/p>\n","protected":false},"author":1,"featured_media":0,"parent":0,"menu_order":0,"comment_status":"closed","ping_status":"closed","template":"elementor_theme","meta":{"_acf_changed":false,"footnotes":""},"class_list":["post-168","page","type-page","status-publish","hentry"],"acf":[],"_links":{"self":[{"href":"https:\/\/robertcomploj.com\/en\/wp-json\/wp\/v2\/pages\/168","targetHints":{"allow":["GET"]}}],"collection":[{"href":"https:\/\/robertcomploj.com\/en\/wp-json\/wp\/v2\/pages"}],"about":[{"href":"https:\/\/robertcomploj.com\/en\/wp-json\/wp\/v2\/types\/page"}],"author":[{"embeddable":true,"href":"https:\/\/robertcomploj.com\/en\/wp-json\/wp\/v2\/users\/1"}],"replies":[{"embeddable":true,"href":"https:\/\/robertcomploj.com\/en\/wp-json\/wp\/v2\/comments?post=168"}],"version-history":[{"count":23,"href":"https:\/\/robertcomploj.com\/en\/wp-json\/wp\/v2\/pages\/168\/revisions"}],"predecessor-version":[{"id":7208,"href":"https:\/\/robertcomploj.com\/en\/wp-json\/wp\/v2\/pages\/168\/revisions\/7208"}],"wp:attachment":[{"href":"https:\/\/robertcomploj.com\/en\/wp-json\/wp\/v2\/media?parent=168"}],"curies":[{"name":"wp","href":"https:\/\/api.w.org\/{rel}","templated":true}]}}